{"id":913,"date":"2023-03-29T17:57:06","date_gmt":"2023-03-29T17:57:06","guid":{"rendered":"https:\/\/it-dev.at\/about-us\/"},"modified":"2023-05-03T06:54:04","modified_gmt":"2023-05-03T06:54:04","slug":"about-us","status":"publish","type":"page","link":"https:\/\/it-dev.at\/de\/about-us\/","title":{"rendered":"About us"},"content":{"rendered":"<div data-elementor-type=\"wp-page\" data-elementor-id=\"913\" class=\"elementor elementor-913\">\n\t\t\t\t\t\t<section class=\"elementor-section elementor-top-section elementor-element elementor-element-addecbc elementor-section-boxed elementor-section-height-default elementor-section-height-default\" data-id=\"addecbc\" data-element_type=\"section\" data-settings=\"{&quot;background_background&quot;:&quot;classic&quot;}\">\n\t\t\t\t\t\t<div class=\"elementor-container elementor-column-gap-default\">\n\t\t\t\t\t<div class=\"elementor-column elementor-col-100 elementor-top-column elementor-element elementor-element-c1525c0\" data-id=\"c1525c0\" data-element_type=\"column\" data-settings=\"{&quot;background_background&quot;:&quot;classic&quot;}\">\n\t\t\t<div class=\"elementor-widget-wrap elementor-element-populated\">\n\t\t\t\t\t\t<div class=\"elementor-element elementor-element-cab4f23 elementor-widget elementor-widget-heading\" data-id=\"cab4f23\" data-element_type=\"widget\" data-widget_type=\"heading.default\">\n\t\t\t\t<div class=\"elementor-widget-container\">\n\t\t\t\t\t<h2 class=\"elementor-heading-title elementor-size-default\">Mission Statement<\/h2>\t\t\t\t<\/div>\n\t\t\t\t<\/div>\n\t\t\t\t<section class=\"elementor-section elementor-inner-section elementor-element elementor-element-53ca427 elementor-section-content-middle elementor-section-full_width elementor-section-height-default elementor-section-height-default\" data-id=\"53ca427\" data-element_type=\"section\" data-settings=\"{&quot;background_background&quot;:&quot;classic&quot;}\">\n\t\t\t\t\t\t<div class=\"elementor-container elementor-column-gap-default\">\n\t\t\t\t\t<div class=\"elementor-column elementor-col-50 elementor-inner-column elementor-element elementor-element-87ffaa2\" data-id=\"87ffaa2\" data-element_type=\"column\">\n\t\t\t<div class=\"elementor-widget-wrap elementor-element-populated\">\n\t\t\t\t\t\t<div class=\"elementor-element elementor-element-9fbc0da elementor-widget elementor-widget-text-editor\" data-id=\"9fbc0da\" data-element_type=\"widget\" data-widget_type=\"text-editor.default\">\n\t\t\t\t<div class=\"elementor-widget-container\">\n\t\t\t\t\t\t\t\t\t<p>Auf Grund unserer Arbeit im IT-Sektor bekamen wir die Schwierigkeiten qualifiziertes und leistbares Personal zu finden hautnah mit. Steigende Lohnkosten und teure sowie langwierige, aber oftmals erfolglose Personalbeschaffung erschwert es europ\u00e4ischen Unternehmen zunehmend im internationalen Umfeld konkurrenzf\u00e4hig zu bleiben. Unsere Mission ist es dieser fortschreitenden Entwicklung entgegenzuwirken, indem wir die Zusammenarbeit von qualifizierten und aufstrebenden IT-Experten aus Zentralasien mit europ\u00e4ischen Unternehmen f\u00f6rdern.\u00a0<\/p>\t\t\t\t\t\t\t\t<\/div>\n\t\t\t\t<\/div>\n\t\t\t\t\t<\/div>\n\t\t<\/div>\n\t\t\t\t<div class=\"elementor-column elementor-col-50 elementor-inner-column elementor-element elementor-element-c476192\" data-id=\"c476192\" data-element_type=\"column\" data-settings=\"{&quot;background_background&quot;:&quot;classic&quot;}\">\n\t\t\t<div class=\"elementor-widget-wrap elementor-element-populated\">\n\t\t\t\t\t\t<div class=\"elementor-element elementor-element-d5c6b0f elementor-widget elementor-widget-text-editor\" data-id=\"d5c6b0f\" data-element_type=\"widget\" data-widget_type=\"text-editor.default\">\n\t\t\t\t<div class=\"elementor-widget-container\">\n\t\t\t\t\t\t\t\t\t<p>Wir, das Team von ITDEV Austria, streben danach alle b\u00fcrokratischen und geographischen H\u00fcrden zu \u00fcberwinden, um langfristige und nachhaltige Kooperationen zu erm\u00f6glichen, die f\u00fcr alle Parteien vorteilhaft sind.<\/p><p>Starten Sie noch heute Ihren Weg zur Unternehmensoptimierung!<\/p><p>Wir freuen uns von Ihnen zu h\u00f6ren,<br \/>ITDev Austria team<\/p>\t\t\t\t\t\t\t\t<\/div>\n\t\t\t\t<\/div>\n\t\t\t\t\t<\/div>\n\t\t<\/div>\n\t\t\t\t\t<\/div>\n\t\t<\/section>\n\t\t\t\t\t<\/div>\n\t\t<\/div>\n\t\t\t\t\t<\/div>\n\t\t<\/section>\n\t\t\t\t<section class=\"elementor-section elementor-top-section elementor-element elementor-element-ea887fa elementor-section-boxed elementor-section-height-default elementor-section-height-default\" data-id=\"ea887fa\" data-element_type=\"section\" data-settings=\"{&quot;background_background&quot;:&quot;classic&quot;}\">\n\t\t\t\t\t\t<div class=\"elementor-container elementor-column-gap-default\">\n\t\t\t\t\t<div class=\"elementor-column elementor-col-100 elementor-top-column elementor-element elementor-element-465b5f8\" data-id=\"465b5f8\" data-element_type=\"column\" data-settings=\"{&quot;background_background&quot;:&quot;classic&quot;}\">\n\t\t\t<div class=\"elementor-widget-wrap elementor-element-populated\">\n\t\t\t\t\t\t<div class=\"elementor-element elementor-element-419df1d elementor-widget elementor-widget-heading\" data-id=\"419df1d\" data-element_type=\"widget\" data-widget_type=\"heading.default\">\n\t\t\t\t<div class=\"elementor-widget-container\">\n\t\t\t\t\t<h2 class=\"elementor-heading-title elementor-size-default\">Unser Team<\/h2>\t\t\t\t<\/div>\n\t\t\t\t<\/div>\n\t\t\t\t<section class=\"elementor-section elementor-inner-section elementor-element elementor-element-0713680 elementor-section-boxed elementor-section-height-default elementor-section-height-default\" data-id=\"0713680\" data-element_type=\"section\">\n\t\t\t\t\t\t<div class=\"elementor-container elementor-column-gap-default\">\n\t\t\t\t\t<div class=\"elementor-column elementor-col-33 elementor-inner-column elementor-element elementor-element-2a1fb2d\" data-id=\"2a1fb2d\" data-element_type=\"column\">\n\t\t\t<div class=\"elementor-widget-wrap elementor-element-populated\">\n\t\t\t\t\t\t<div class=\"elementor-element elementor-element-4abdaac eael-team-align-centered elementor-widget elementor-widget-eael-team-member\" data-id=\"4abdaac\" data-element_type=\"widget\" data-widget_type=\"eael-team-member.default\">\n\t\t\t\t<div class=\"elementor-widget-container\">\n\t\t\t\t\t\n\n\t<div id=\"eael-team-member-4abdaac\" class=\"eael-team-item eael-team-members-simple\">\n\t\t<div class=\"eael-team-item-inner\">\n\t\t\t<div class=\"eael-team-image\">\n\t\t\t\t<figure>\n\t\t\t\t\t\t\t\t\t\t<img decoding=\"async\" src=\"https:\/\/it-dev.at\/wp-content\/uploads\/2023\/03\/team_sales-1.png\" alt=\"Florian Schreiber, MA\">\n\t\t\t\t<\/figure>\n\t\t\t\t\n\t\t\t\t\n\t\t\t<\/div>\n\n\t\t\t<div class=\"eael-team-content\">\n\t\t\t\t<h2 class=\"eael-team-member-name\">Florian Schreiber, MA<\/h2><h3 class=\"eael-team-member-position\">Co-Founder, Sales &amp; Marketing<\/h3>\n\t\t\t\t\t\t\t\t\t\t\t\t\t\t<p class=\"eael-team-text\"><\/p>\n\t\t\t\t\t\t\t<\/div>\n\t\t<\/div>\n\t<\/div>\n\t\t\t\t\t<\/div>\n\t\t\t\t<\/div>\n\t\t\t\t\t<\/div>\n\t\t<\/div>\n\t\t\t\t<div class=\"elementor-column elementor-col-33 elementor-inner-column elementor-element elementor-element-443b6f1\" data-id=\"443b6f1\" data-element_type=\"column\">\n\t\t\t<div class=\"elementor-widget-wrap elementor-element-populated\">\n\t\t\t\t\t\t<div class=\"elementor-element elementor-element-afb2240 eael-team-align-centered elementor-widget elementor-widget-eael-team-member\" data-id=\"afb2240\" data-element_type=\"widget\" data-widget_type=\"eael-team-member.default\">\n\t\t\t\t<div class=\"elementor-widget-container\">\n\t\t\t\t\t\n\n\t<div id=\"eael-team-member-afb2240\" class=\"eael-team-item eael-team-members-simple\">\n\t\t<div class=\"eael-team-item-inner\">\n\t\t\t<div class=\"eael-team-image\">\n\t\t\t\t<figure>\n\t\t\t\t\t\t\t\t\t\t<img decoding=\"async\" src=\"https:\/\/it-dev.at\/wp-content\/uploads\/2023\/03\/team_hr-1.png\" alt=\"Nigina Isfakhanova, MSc\">\n\t\t\t\t<\/figure>\n\t\t\t\t\n\t\t\t\t\n\t\t\t<\/div>\n\n\t\t\t<div class=\"eael-team-content\">\n\t\t\t\t<h2 class=\"eael-team-member-name\">Nigina Isfakhanova, MSc<\/h2><h3 class=\"eael-team-member-position\">Co-Founder, HR &amp; Operations<\/h3>\n\t\t\t\t\t\t\t\t\t\t\t\t\t\t<p class=\"eael-team-text\"><\/p>\n\t\t\t\t\t\t\t<\/div>\n\t\t<\/div>\n\t<\/div>\n\t\t\t\t\t<\/div>\n\t\t\t\t<\/div>\n\t\t\t\t\t<\/div>\n\t\t<\/div>\n\t\t\t\t<div class=\"elementor-column elementor-col-33 elementor-inner-column elementor-element elementor-element-8f92e6a\" data-id=\"8f92e6a\" data-element_type=\"column\">\n\t\t\t<div class=\"elementor-widget-wrap elementor-element-populated\">\n\t\t\t\t\t\t<div class=\"elementor-element elementor-element-7d90646 eael-team-align-centered elementor-widget elementor-widget-eael-team-member\" data-id=\"7d90646\" data-element_type=\"widget\" data-widget_type=\"eael-team-member.default\">\n\t\t\t\t<div class=\"elementor-widget-container\">\n\t\t\t\t\t\n\n\t<div id=\"eael-team-member-7d90646\" class=\"eael-team-item eael-team-members-simple\">\n\t\t<div class=\"eael-team-item-inner\">\n\t\t\t<div class=\"eael-team-image\">\n\t\t\t\t<figure>\n\t\t\t\t\t\t\t\t\t\t<img decoding=\"async\" src=\"https:\/\/it-dev.at\/wp-content\/uploads\/2023\/03\/team_manager-1.png\" alt=\"Azamjon Ikromov, MBA\">\n\t\t\t\t<\/figure>\n\t\t\t\t\n\t\t\t\t\n\t\t\t<\/div>\n\n\t\t\t<div class=\"eael-team-content\">\n\t\t\t\t<h2 class=\"eael-team-member-name\">Azamjon Ikromov, MBA<\/h2><h3 class=\"eael-team-member-position\">Manager Central Asia<\/h3>\n\t\t\t\t\t\t\t\t\t\t\t\t\t\t<p class=\"eael-team-text\"><\/p>\n\t\t\t\t\t\t\t<\/div>\n\t\t<\/div>\n\t<\/div>\n\t\t\t\t\t<\/div>\n\t\t\t\t<\/div>\n\t\t\t\t\t<\/div>\n\t\t<\/div>\n\t\t\t\t\t<\/div>\n\t\t<\/section>\n\t\t\t\t\t<\/div>\n\t\t<\/div>\n\t\t\t\t\t<\/div>\n\t\t<\/section>\n\t\t\t\t<\/div>","protected":false},"excerpt":{"rendered":"<p>Mission Statement Coming from the tech sector ourselves we recognized the need for qualified and affordable software specialists, as well as other IT personnel. Rising labor costs, expensive and time-consuming, but still often unsuccessful, recruiting processes have made it increasingly difficult for European companies to stay competitive in the international markets. Our mission is to [&hellip;]<\/p>","protected":false},"author":3,"featured_media":0,"parent":0,"menu_order":0,"comment_status":"closed","ping_status":"closed","template":"","meta":{"footnotes":""},"class_list":["post-913","page","type-page","status-publish","hentry"],"yoast_head":"<!-- This site is optimized with the Yoast SEO plugin v24.6 - https:\/\/yoast.com\/wordpress\/plugins\/seo\/ -->\n<title>About us - IT DEV Austria LLC Hire remote Software Developers<\/title>\n<meta name=\"description\" content=\"IT DEV Austria LLC About us - Hire full-time remote Software Developers from Central Asia. Contact us: office@it-dev.at+43 650 74 29 952\" \/>\n<meta name=\"robots\" content=\"index, follow, max-snippet:-1, max-image-preview:large, max-video-preview:-1\" \/>\n<link rel=\"canonical\" href=\"https:\/\/it-dev.at\/de\/about-us\/\" \/>\n<meta property=\"og:locale\" content=\"de_DE\" \/>\n<meta property=\"og:type\" content=\"article\" \/>\n<meta property=\"og:title\" content=\"About us - IT DEV Austria LLC Hire remote Software Developers\" \/>\n<meta property=\"og:description\" content=\"IT DEV Austria LLC About us - Hire full-time remote Software Developers from Central Asia. Contact us: office@it-dev.at+43 650 74 29 952\" \/>\n<meta property=\"og:url\" content=\"https:\/\/it-dev.at\/de\/about-us\/\" \/>\n<meta property=\"og:site_name\" content=\"IT DEV Austria LLC\" \/>\n<meta property=\"article:modified_time\" content=\"2023-05-03T06:54:04+00:00\" \/>\n<meta property=\"og:image\" content=\"https:\/\/it-dev.at\/wp-content\/uploads\/2023\/03\/team_sales-1.png\" \/>\n<meta name=\"twitter:card\" content=\"summary_large_image\" \/>\n<meta name=\"twitter:label1\" content=\"Gesch\u00e4tzte Lesezeit\" \/>\n\t<meta name=\"twitter:data1\" content=\"2\u00a0Minuten\" \/>\n<script type=\"application\/ld+json\" class=\"yoast-schema-graph\">{\"@context\":\"https:\/\/schema.org\",\"@graph\":[{\"@type\":\"WebPage\",\"@id\":\"https:\/\/it-dev.at\/about-us\/\",\"url\":\"https:\/\/it-dev.at\/about-us\/\",\"name\":\"About us - IT DEV Austria LLC Hire remote Software Developers\",\"isPartOf\":{\"@id\":\"https:\/\/it-dev.at\/#website\"},\"primaryImageOfPage\":{\"@id\":\"https:\/\/it-dev.at\/about-us\/#primaryimage\"},\"image\":{\"@id\":\"https:\/\/it-dev.at\/about-us\/#primaryimage\"},\"thumbnailUrl\":\"https:\/\/it-dev.at\/wp-content\/uploads\/2023\/03\/team_sales-1.png\",\"datePublished\":\"2023-03-29T17:57:06+00:00\",\"dateModified\":\"2023-05-03T06:54:04+00:00\",\"description\":\"IT DEV Austria LLC About us - Hire full-time remote Software Developers from Central Asia. Contact us: office@it-dev.at+43 650 74 29 952\",\"breadcrumb\":{\"@id\":\"https:\/\/it-dev.at\/about-us\/#breadcrumb\"},\"inLanguage\":\"de\",\"potentialAction\":[{\"@type\":\"ReadAction\",\"target\":[\"https:\/\/it-dev.at\/about-us\/\"]}]},{\"@type\":\"ImageObject\",\"inLanguage\":\"de\",\"@id\":\"https:\/\/it-dev.at\/about-us\/#primaryimage\",\"url\":\"https:\/\/it-dev.at\/wp-content\/uploads\/2023\/03\/team_sales-1.png\",\"contentUrl\":\"https:\/\/it-dev.at\/wp-content\/uploads\/2023\/03\/team_sales-1.png\"},{\"@type\":\"BreadcrumbList\",\"@id\":\"https:\/\/it-dev.at\/about-us\/#breadcrumb\",\"itemListElement\":[{\"@type\":\"ListItem\",\"position\":1,\"name\":\"Home\",\"item\":\"https:\/\/it-dev.at\/\"},{\"@type\":\"ListItem\",\"position\":2,\"name\":\"About us\"}]},{\"@type\":\"WebSite\",\"@id\":\"https:\/\/it-dev.at\/#website\",\"url\":\"https:\/\/it-dev.at\/\",\"name\":\"IT DEV Austria\",\"description\":\"Hire Top Software Developers\",\"publisher\":{\"@id\":\"https:\/\/it-dev.at\/#organization\"},\"potentialAction\":[{\"@type\":\"SearchAction\",\"target\":{\"@type\":\"EntryPoint\",\"urlTemplate\":\"https:\/\/it-dev.at\/?s={search_term_string}\"},\"query-input\":{\"@type\":\"PropertyValueSpecification\",\"valueRequired\":true,\"valueName\":\"search_term_string\"}}],\"inLanguage\":\"de\"},{\"@type\":\"Organization\",\"@id\":\"https:\/\/it-dev.at\/#organization\",\"name\":\"IT DEV Austria LLC\",\"url\":\"https:\/\/it-dev.at\/\",\"logo\":{\"@type\":\"ImageObject\",\"inLanguage\":\"de\",\"@id\":\"https:\/\/it-dev.at\/#\/schema\/logo\/image\/\",\"url\":\"https:\/\/it-dev.at\/wp-content\/uploads\/2023\/03\/Logotype-1.svg\",\"contentUrl\":\"https:\/\/it-dev.at\/wp-content\/uploads\/2023\/03\/Logotype-1.svg\",\"width\":90,\"height\":38,\"caption\":\"IT DEV Austria LLC\"},\"image\":{\"@id\":\"https:\/\/it-dev.at\/#\/schema\/logo\/image\/\"},\"sameAs\":[\"https:\/\/www.linkedin.com\/company\/itdev-austria-llc\/\"]}]}<\/script>\n<!-- \/ Yoast SEO plugin. -->","yoast_head_json":{"title":"About us - IT DEV Austria LLC Hire remote Software Developers","description":"IT DEV Austria LLC About us - Hire full-time remote Software Developers from Central Asia. Contact us: office@it-dev.at+43 650 74 29 952","robots":{"index":"index","follow":"follow","max-snippet":"max-snippet:-1","max-image-preview":"max-image-preview:large","max-video-preview":"max-video-preview:-1"},"canonical":"https:\/\/it-dev.at\/de\/about-us\/","og_locale":"de_DE","og_type":"article","og_title":"About us - IT DEV Austria LLC Hire remote Software Developers","og_description":"IT DEV Austria LLC About us - Hire full-time remote Software Developers from Central Asia. Contact us: office@it-dev.at+43 650 74 29 952","og_url":"https:\/\/it-dev.at\/de\/about-us\/","og_site_name":"IT DEV Austria LLC","article_modified_time":"2023-05-03T06:54:04+00:00","og_image":[{"url":"https:\/\/it-dev.at\/wp-content\/uploads\/2023\/03\/team_sales-1.png","type":"","width":"","height":""}],"twitter_card":"summary_large_image","twitter_misc":{"Gesch\u00e4tzte Lesezeit":"2\u00a0Minuten"},"schema":{"@context":"https:\/\/schema.org","@graph":[{"@type":"WebPage","@id":"https:\/\/it-dev.at\/about-us\/","url":"https:\/\/it-dev.at\/about-us\/","name":"About us - IT DEV Austria LLC Hire remote Software Developers","isPartOf":{"@id":"https:\/\/it-dev.at\/#website"},"primaryImageOfPage":{"@id":"https:\/\/it-dev.at\/about-us\/#primaryimage"},"image":{"@id":"https:\/\/it-dev.at\/about-us\/#primaryimage"},"thumbnailUrl":"https:\/\/it-dev.at\/wp-content\/uploads\/2023\/03\/team_sales-1.png","datePublished":"2023-03-29T17:57:06+00:00","dateModified":"2023-05-03T06:54:04+00:00","description":"IT DEV Austria LLC About us - Hire full-time remote Software Developers from Central Asia. Contact us: office@it-dev.at+43 650 74 29 952","breadcrumb":{"@id":"https:\/\/it-dev.at\/about-us\/#breadcrumb"},"inLanguage":"de","potentialAction":[{"@type":"ReadAction","target":["https:\/\/it-dev.at\/about-us\/"]}]},{"@type":"ImageObject","inLanguage":"de","@id":"https:\/\/it-dev.at\/about-us\/#primaryimage","url":"https:\/\/it-dev.at\/wp-content\/uploads\/2023\/03\/team_sales-1.png","contentUrl":"https:\/\/it-dev.at\/wp-content\/uploads\/2023\/03\/team_sales-1.png"},{"@type":"BreadcrumbList","@id":"https:\/\/it-dev.at\/about-us\/#breadcrumb","itemListElement":[{"@type":"ListItem","position":1,"name":"Home","item":"https:\/\/it-dev.at\/"},{"@type":"ListItem","position":2,"name":"About us"}]},{"@type":"WebSite","@id":"https:\/\/it-dev.at\/#website","url":"https:\/\/it-dev.at\/","name":"IT DEV Austria","description":"Hire Top Software Developers","publisher":{"@id":"https:\/\/it-dev.at\/#organization"},"potentialAction":[{"@type":"SearchAction","target":{"@type":"EntryPoint","urlTemplate":"https:\/\/it-dev.at\/?s={search_term_string}"},"query-input":{"@type":"PropertyValueSpecification","valueRequired":true,"valueName":"search_term_string"}}],"inLanguage":"de"},{"@type":"Organization","@id":"https:\/\/it-dev.at\/#organization","name":"IT DEV Austria LLC","url":"https:\/\/it-dev.at\/","logo":{"@type":"ImageObject","inLanguage":"de","@id":"https:\/\/it-dev.at\/#\/schema\/logo\/image\/","url":"https:\/\/it-dev.at\/wp-content\/uploads\/2023\/03\/Logotype-1.svg","contentUrl":"https:\/\/it-dev.at\/wp-content\/uploads\/2023\/03\/Logotype-1.svg","width":90,"height":38,"caption":"IT DEV Austria LLC"},"image":{"@id":"https:\/\/it-dev.at\/#\/schema\/logo\/image\/"},"sameAs":["https:\/\/www.linkedin.com\/company\/itdev-austria-llc\/"]}]}},"_links":{"self":[{"href":"https:\/\/it-dev.at\/de\/wp-json\/wp\/v2\/pages\/913","targetHints":{"allow":["GET"]}}],"collection":[{"href":"https:\/\/it-dev.at\/de\/wp-json\/wp\/v2\/pages"}],"about":[{"href":"https:\/\/it-dev.at\/de\/wp-json\/wp\/v2\/types\/page"}],"author":[{"embeddable":true,"href":"https:\/\/it-dev.at\/de\/wp-json\/wp\/v2\/users\/3"}],"replies":[{"embeddable":true,"href":"https:\/\/it-dev.at\/de\/wp-json\/wp\/v2\/comments?post=913"}],"version-history":[{"count":101,"href":"https:\/\/it-dev.at\/de\/wp-json\/wp\/v2\/pages\/913\/revisions"}],"predecessor-version":[{"id":2235,"href":"https:\/\/it-dev.at\/de\/wp-json\/wp\/v2\/pages\/913\/revisions\/2235"}],"wp:attachment":[{"href":"https:\/\/it-dev.at\/de\/wp-json\/wp\/v2\/media?parent=913"}],"curies":[{"name":"wp","href":"https:\/\/api.w.org\/{rel}","templated":true}]}}